{"id":740,"date":"2017-06-06T20:48:55","date_gmt":"2017-06-06T18:48:55","guid":{"rendered":"http:\/\/uhlenflug-peine.de\/?page_id=740"},"modified":"2017-06-06T20:48:55","modified_gmt":"2017-06-06T18:48:55","slug":"suedniedersachsen-cup-2017","status":"publish","type":"page","link":"https:\/\/www.uhlenflug-peine.de\/?page_id=740","title":{"rendered":"S\u00fcdniedersachsen-Cup 2017"},"content":{"rendered":"<p>Im Januar 2017 entschlossen wir, Andre Borchers und Volker Lenkeit, zwei Piloten des Uhlenflug Peine, uns dazu, mit unserem neuen Vereinsdoppelsitzer \u201eDuo Discus\u201c am S\u00fcdniedersachsen Cup teilzunehmen.<\/p>\n<p><a href=\"http:\/\/uhlenflug-peine.de\/wp-content\/uploads\/2017\/06\/IMG_78512.jpg\"><img loading=\"lazy\" decoding=\"async\" class=\"aligncenter size-large wp-image-746\" src=\"http:\/\/uhlenflug-peine.de\/wp-content\/uploads\/2017\/06\/IMG_78512.jpg\" alt=\"\" width=\"644\" height=\"484\" srcset=\"https:\/\/www.uhlenflug-peine.de\/wp-content\/uploads\/2017\/06\/IMG_78512.jpg 644w, https:\/\/www.uhlenflug-peine.de\/wp-content\/uploads\/2017\/06\/IMG_78512-300x225.jpg 300w\" sizes=\"auto, (max-width: 644px) 100vw, 644px\" \/><\/a><\/p>\n<p>Der Wettbewerb war f\u00fcr das lange Himmelfahrtswochenende geplant, Anreise war bereits am Mittwoch, sodass man die anderen Teilnehmer am Lagerfeuer kennenlernen konnte.<\/p>\n<p>Am Donnerstag wurde der Start zwar aufgebaut, der Wettbewerbsleitung erschienen die Wetterbedingungen allerdings zu kritisch, sodass der Tag gegen 13:00 Uhr neutralisiert wurde. Wer wollte, konnte aber trotzdem fliegen.<\/p>\n<p><a href=\"http:\/\/uhlenflug-peine.de\/wp-content\/uploads\/2017\/06\/IMG_78281.jpg\"><img loading=\"lazy\" decoding=\"async\" class=\"aligncenter size-full wp-image-748\" src=\"http:\/\/uhlenflug-peine.de\/wp-content\/uploads\/2017\/06\/IMG_78281.jpg\" alt=\"\" width=\"644\" height=\"484\" srcset=\"https:\/\/www.uhlenflug-peine.de\/wp-content\/uploads\/2017\/06\/IMG_78281.jpg 644w, https:\/\/www.uhlenflug-peine.de\/wp-content\/uploads\/2017\/06\/IMG_78281-300x225.jpg 300w\" sizes=\"auto, (max-width: 644px) 100vw, 644px\" \/><\/a><\/p>\n<p>Wir entschieden uns zu fliegen und sind bei niedriger Basis und kr\u00e4ftigem Nordwestwind, teilweise nur 300 m \u00fcber Grund nur langsam vorangekommen. Zum sp\u00e4ten Nachmittag wurden die Verh\u00e4ltnisse besser, Wolkenstra\u00dfen bestimmten die Flugroute und am Ende konnten doch 210 km geflogen werden. F\u00fcr Niedersachsen immerhin der zweitweiteste Flug an diesem Tag.<\/p>\n<p><a href=\"http:\/\/uhlenflug-peine.de\/wp-content\/uploads\/2017\/06\/IMG_78091.jpg\"><img loading=\"lazy\" decoding=\"async\" class=\"aligncenter size-full wp-image-749\" src=\"http:\/\/uhlenflug-peine.de\/wp-content\/uploads\/2017\/06\/IMG_78091.jpg\" alt=\"\" width=\"364\" height=\"484\" srcset=\"https:\/\/www.uhlenflug-peine.de\/wp-content\/uploads\/2017\/06\/IMG_78091.jpg 364w, https:\/\/www.uhlenflug-peine.de\/wp-content\/uploads\/2017\/06\/IMG_78091-226x300.jpg 226w\" sizes=\"auto, (max-width: 364px) 100vw, 364px\" \/><\/a><\/p>\n<p>Am Freitag wurden um 12:30 Uhr die ersten Segler hochgeschleppt. Wir waren das dritte Flugzeug, die vor uns geschleppten Segler mussten landen, sodass die Wettbewerbsleitung entschied, mit weiteren Starts eine halbe Stunde zu warten.<\/p>\n<p>Es dauerte dann ca. zwei Stunden, bis alle 12 Teilnehmer in der Luft waren und wir abfliegen konnten. Die Aufgabe an diesem Tag war eine Assigned Area Task \u00fcber\u00a0 Ederm\u00fcnde bei Kassel und den Gro\u00dfen Inselsberg im Th\u00fcringer Wald bei Eisenach zur\u00fcck zum Platz. Die ersten 50 km gestalteten sich schwierig. Es gab nur schwache Blauthermik. Ab Kassel wurde die Thermik besser und es ging mit h\u00f6herer Geschwindigkeit in den Th\u00fcringer Wald. Der letzte Schenkel wurde bei sich wieder abschw\u00e4chender Thermik zur\u00fcck nach Aue geflogen. 30 km vor dem Ziel konnte \u00fcber einem Zementwerk letztmals H\u00f6he getankt werden und wir begannen in 1200 m H\u00f6he den Endanflug. Nach Einflug in den Zielkreis in 400 m \u00fcber Aue war die Aufgabe geschafft. Hier bildete sich direkt \u00fcber dem Flugplatz die beste Thermik des Tages, in der wir bis auf 2100m steigen konnten, sodass wir zum Abschluss des Tages noch einen Ausflug in den Oberharz machen konnten.<\/p>\n<p><a href=\"http:\/\/uhlenflug-peine.de\/wp-content\/uploads\/2017\/06\/IMG_79022.jpg\"><img loading=\"lazy\" decoding=\"async\" class=\"aligncenter size-full wp-image-745\" src=\"http:\/\/uhlenflug-peine.de\/wp-content\/uploads\/2017\/06\/IMG_79022.jpg\" alt=\"\" width=\"644\" height=\"484\" srcset=\"https:\/\/www.uhlenflug-peine.de\/wp-content\/uploads\/2017\/06\/IMG_79022.jpg 644w, https:\/\/www.uhlenflug-peine.de\/wp-content\/uploads\/2017\/06\/IMG_79022-300x225.jpg 300w\" sizes=\"auto, (max-width: 644px) 100vw, 644px\" \/><\/a><\/p>\n<p>Die f\u00fcr diesen Tag vorgegebene Aufgabe wurde nur von 4 der 12 gestarteten Piloten absolviert. Die Auswertung ergab, dass wir die zweith\u00f6chste Durchschnittsgeschwindigkeit erreicht hatten und damit den zweiten Platz in der Tageswertung belegten.<\/p>\n<p>Am dritten Tag war die Aufgabe ein Ziel-R\u00fcckkehr-Flug nach Sangerhausen an der S\u00fcdflanke des Harzes.\u00a0 Der Abflug war gegen 14:00 Uhr und wir konnten in der Blauthermik oft gemeinsam mit anderen Piloten die Strecke in Richtung Osten fliegen. Nachdem wir nahe Nordhausen nochmals H\u00f6he getankt hatten konnten wir bis zum Wendepunkt Sangerhausen fliegen. Dort fanden wir aber keine Aufwinde, sodass wir auf einem Maisfeld landen mussten. An diesem Tag gab es aber sehr viele Au\u00dfenlandungen. Kein Pilot hat die vorgeschriebene Strecke absolviert. Bei der Bergungsaktion aus einem \u00e4u\u00dferst sandigen Maisfeld haben uns sehr hilfsbereite Sangerhausener geholfen. An diesem Tag erreichten wir mit der geflogenen Strecke den f\u00fcnften Platz und sind damit in der Gesamtwertung auf den ersten Platz vorger\u00fcckt. Die vielen Au\u00dfenlandungen wurden am Abend mit zwei F\u00e4ssern Bier begossen.<\/p>\n<p><a href=\"http:\/\/uhlenflug-peine.de\/wp-content\/uploads\/2017\/06\/IMG_79052.jpg\"><img loading=\"lazy\" decoding=\"async\" class=\"aligncenter size-full wp-image-744\" src=\"http:\/\/uhlenflug-peine.de\/wp-content\/uploads\/2017\/06\/IMG_79052.jpg\" alt=\"\" width=\"644\" height=\"484\" srcset=\"https:\/\/www.uhlenflug-peine.de\/wp-content\/uploads\/2017\/06\/IMG_79052.jpg 644w, https:\/\/www.uhlenflug-peine.de\/wp-content\/uploads\/2017\/06\/IMG_79052-300x225.jpg 300w\" sizes=\"auto, (max-width: 644px) 100vw, 644px\" \/><\/a><\/p>\n<p>Der Sonntag wurde aufgrund einer herannahenden Front schon recht fr\u00fch morgens neutralisiert. Bei der folgenden Siegerehrung konnten wir den Pokal f\u00fcr den ersten Platz entgegennehmen.\u00a0 Das war die erste Teilnahme von Uhlenfliegern an einem Segelflugwettbewerb seit 20 Jahren. Wir freuen uns, dass wir an diesem sch\u00f6nen Wettbewerb teilnehmen durften und danken dem LSV Osterode f\u00fcr die Organisation und die Ausrichtung dieses gelungenen, langen Fliegerwochenendes.<\/p>\n<p><a href=\"http:\/\/uhlenflug-peine.de\/wp-content\/uploads\/2017\/06\/IMG_79102.jpg\"><img loading=\"lazy\" decoding=\"async\" class=\"aligncenter size-full wp-image-743\" src=\"http:\/\/uhlenflug-peine.de\/wp-content\/uploads\/2017\/06\/IMG_79102.jpg\" alt=\"\" width=\"364\" height=\"484\" srcset=\"https:\/\/www.uhlenflug-peine.de\/wp-content\/uploads\/2017\/06\/IMG_79102.jpg 364w, https:\/\/www.uhlenflug-peine.de\/wp-content\/uploads\/2017\/06\/IMG_79102-226x300.jpg 226w\" sizes=\"auto, (max-width: 364px) 100vw, 364px\" \/><\/a><\/p>\n<p>&nbsp;<\/p>\n","protected":false},"excerpt":{"rendered":"<p>Im Januar 2017 entschlossen wir, Andre Borchers und Volker Lenkeit, zwei Piloten des Uhlenflug Peine, uns dazu, mit unserem neuen Vereinsdoppelsitzer \u201eDuo Discus\u201c am S\u00fcdniedersachsen Cup teilzunehmen. Der Wettbewerb war f\u00fcr das lange Himmelfahrtswochenende geplant, Anreise war bereits am Mittwoch, sodass man die anderen Teilnehmer am Lagerfeuer kennenlernen konnte. Am Donnerstag wurde der Start zwar [&hellip;]<\/p>\n","protected":false},"author":1,"featured_media":0,"parent":0,"menu_order":0,"comment_status":"closed","ping_status":"closed","template":"","meta":{"_bbp_topic_count":0,"_bbp_reply_count":0,"_bbp_total_topic_count":0,"_bbp_total_reply_count":0,"_bbp_voice_count":0,"_bbp_anonymous_reply_count":0,"_bbp_topic_count_hidden":0,"_bbp_reply_count_hidden":0,"_bbp_forum_subforum_count":0,"footnotes":""},"class_list":["post-740","page","type-page","status-publish","hentry"],"_links":{"self":[{"href":"https:\/\/www.uhlenflug-peine.de\/index.php?rest_route=\/wp\/v2\/pages\/740","targetHints":{"allow":["GET"]}}],"collection":[{"href":"https:\/\/www.uhlenflug-peine.de\/index.php?rest_route=\/wp\/v2\/pages"}],"about":[{"href":"https:\/\/www.uhlenflug-peine.de\/index.php?rest_route=\/wp\/v2\/types\/page"}],"author":[{"embeddable":true,"href":"https:\/\/www.uhlenflug-peine.de\/index.php?rest_route=\/wp\/v2\/users\/1"}],"replies":[{"embeddable":true,"href":"https:\/\/www.uhlenflug-peine.de\/index.php?rest_route=%2Fwp%2Fv2%2Fcomments&post=740"}],"version-history":[{"count":1,"href":"https:\/\/www.uhlenflug-peine.de\/index.php?rest_route=\/wp\/v2\/pages\/740\/revisions"}],"predecessor-version":[{"id":750,"href":"https:\/\/www.uhlenflug-peine.de\/index.php?rest_route=\/wp\/v2\/pages\/740\/revisions\/750"}],"wp:attachment":[{"href":"https:\/\/www.uhlenflug-peine.de\/index.php?rest_route=%2Fwp%2Fv2%2Fmedia&parent=740"}],"curies":[{"name":"wp","href":"https:\/\/api.w.org\/{rel}","templated":true}]}}