{"id":73,"date":"2014-04-19T12:58:19","date_gmt":"2014-04-19T12:58:19","guid":{"rendered":"http:\/\/uhlenflug-peine.de\/?page_id=73"},"modified":"2014-04-19T12:59:10","modified_gmt":"2014-04-19T12:59:10","slug":"sf25c-falke","status":"publish","type":"page","link":"https:\/\/www.uhlenflug-peine.de\/?page_id=73","title":{"rendered":"SF25C Falke"},"content":{"rendered":"<p>Baujahr:<a href=\"http:\/\/uhlenflug-peine.de\/wp-content\/uploads\/2014\/04\/KAGA-2hp.jpg\"><img loading=\"lazy\" decoding=\"async\" class=\"alignright size-full wp-image-74\" src=\"http:\/\/uhlenflug-peine.de\/wp-content\/uploads\/2014\/04\/KAGA-2hp.jpg\" alt=\"KAGA-2hp\" width=\"268\" height=\"201\" \/><\/a> 1998<br \/>\nHersteller: Scheibe Flugzeugbau GmbH Dachau<br \/>\nBauweise: Mischbauweise<br \/>\nSitze: Doppelsitzer:<br \/>\nL\u00e4nge: 7,60m<br \/>\nSpannweite: 15,25m<br \/>\nH\u00f6chstzul.Geschwindigkeit: 190 km\/h<br \/>\nH\u00f6chstzul.Fluggewicht: 650 kg<br \/>\nGleitzahl: 24<br \/>\nMotor: Rotax<\/p>\n<p>Der C Falke dient dem Verein haupts\u00e4chlich als Schulflugzeug f\u00fcr Mitglieder die die Klassenberechtigung Reisemotorsegler erwerben m\u00f6chten.<\/p>\n<p><a href=\"http:\/\/uhlenflug-peine.de\/wp-content\/uploads\/2014\/04\/KAGA-hp.jpg\"><img loading=\"lazy\" decoding=\"async\" class=\"aligncenter size-full wp-image-75\" src=\"http:\/\/uhlenflug-peine.de\/wp-content\/uploads\/2014\/04\/KAGA-hp.jpg\" alt=\"KAGA-hp\" width=\"299\" height=\"199\" \/><\/a><\/p>\n","protected":false},"excerpt":{"rendered":"<p>Baujahr: 1998 Hersteller: Scheibe Flugzeugbau GmbH Dachau Bauweise: Mischbauweise Sitze: Doppelsitzer: L\u00e4nge: 7,60m Spannweite: 15,25m H\u00f6chstzul.Geschwindigkeit: 190 km\/h H\u00f6chstzul.Fluggewicht: 650 kg Gleitzahl: 24 Motor: Rotax Der C Falke dient dem Verein haupts\u00e4chlich als Schulflugzeug f\u00fcr Mitglieder die die Klassenberechtigung Reisemotorsegler erwerben m\u00f6chten.<\/p>\n","protected":false},"author":1,"featured_media":0,"parent":0,"menu_order":0,"comment_status":"closed","ping_status":"closed","template":"","meta":{"_bbp_topic_count":0,"_bbp_reply_count":0,"_bbp_total_topic_count":0,"_bbp_total_reply_count":0,"_bbp_voice_count":0,"_bbp_anonymous_reply_count":0,"_bbp_topic_count_hidden":0,"_bbp_reply_count_hidden":0,"_bbp_forum_subforum_count":0,"footnotes":""},"class_list":["post-73","page","type-page","status-publish","hentry"],"_links":{"self":[{"href":"https:\/\/www.uhlenflug-peine.de\/index.php?rest_route=\/wp\/v2\/pages\/73","targetHints":{"allow":["GET"]}}],"collection":[{"href":"https:\/\/www.uhlenflug-peine.de\/index.php?rest_route=\/wp\/v2\/pages"}],"about":[{"href":"https:\/\/www.uhlenflug-peine.de\/index.php?rest_route=\/wp\/v2\/types\/page"}],"author":[{"embeddable":true,"href":"https:\/\/www.uhlenflug-peine.de\/index.php?rest_route=\/wp\/v2\/users\/1"}],"replies":[{"embeddable":true,"href":"https:\/\/www.uhlenflug-peine.de\/index.php?rest_route=%2Fwp%2Fv2%2Fcomments&post=73"}],"version-history":[{"count":2,"href":"https:\/\/www.uhlenflug-peine.de\/index.php?rest_route=\/wp\/v2\/pages\/73\/revisions"}],"predecessor-version":[{"id":77,"href":"https:\/\/www.uhlenflug-peine.de\/index.php?rest_route=\/wp\/v2\/pages\/73\/revisions\/77"}],"wp:attachment":[{"href":"https:\/\/www.uhlenflug-peine.de\/index.php?rest_route=%2Fwp%2Fv2%2Fmedia&parent=73"}],"curies":[{"name":"wp","href":"https:\/\/api.w.org\/{rel}","templated":true}]}}