{"id":724,"date":"2017-06-03T14:50:49","date_gmt":"2017-06-03T12:50:49","guid":{"rendered":"http:\/\/uhlenflug-peine.de\/?page_id=724"},"modified":"2017-06-03T14:50:49","modified_gmt":"2017-06-03T12:50:49","slug":"kurz-mal-nach-gdansk","status":"publish","type":"page","link":"https:\/\/www.uhlenflug-peine.de\/?page_id=724","title":{"rendered":"Kurz mal nach Gdansk"},"content":{"rendered":"<p>Da hat doch das monatliche Grillen schon mal was Positives \ud83d\ude42<\/p>\n<p>Abends auf der Bank kam der Gedanke auf, mal ins Ausland nach Polen zu fliegen. Torsten \u00fcberlegte schon lange mal, nach Gdansk zu fliegen. Burkhard hat schon Auslandserfahrung und so war das Team perfekt. Samstagmittag sollte es losgehen und Sonntagabend w\u00fcrden wir wieder in Peine sein.<\/p>\n<p><a href=\"http:\/\/uhlenflug-peine.de\/wp-content\/uploads\/2017\/06\/Bild-Thorsten-1.jpg\"><img loading=\"lazy\" decoding=\"async\" class=\"aligncenter size-full wp-image-725\" src=\"http:\/\/uhlenflug-peine.de\/wp-content\/uploads\/2017\/06\/Bild-Thorsten-1.jpg\" alt=\"\" width=\"606\" height=\"303\" srcset=\"https:\/\/www.uhlenflug-peine.de\/wp-content\/uploads\/2017\/06\/Bild-Thorsten-1.jpg 606w, https:\/\/www.uhlenflug-peine.de\/wp-content\/uploads\/2017\/06\/Bild-Thorsten-1-300x150.jpg 300w\" sizes=\"auto, (max-width: 606px) 100vw, 606px\" \/><\/a><\/p>\n<p>Torsten hat sich detailliert um die Flugvorbereitung gek\u00fcmmert. Die Luftraumstruktur in Polen ist doch deutlich komplizierter als in Deutschland. Es gibt sehr viele tempor\u00e4r genutzte Luftr\u00e4ume und Military Airtraffic Zones (MATZ), die einem den Weg versperren. Letztendlich ist aber alles machbar&#8230;mit der entsprechenden Kommunikation und guter Vorbereitung.<\/p>\n<p>Das erste Etappenziel war Pasewalk zum Tanken und FPL-Aufgabe. Dann ging es weiter \u00fcber PESEL und durch den Luftraum C von Stettin. &#8222;Report Leaving my Area&#8220; war die C-Freigabe von Szczecin TWR. Weiter mit st\u00e4ndigem FIS-Kontakt durch die MATZ von Swidwin zum VFR-Meldepunkt Zulu von Gdansk. Runter auf eine Bierflaschenh\u00f6he von 1300\u00a0ft bei Gel\u00e4ndeh\u00f6hen von teils \u00fcber 600\u00a0ft.<\/p>\n<p><a href=\"http:\/\/uhlenflug-peine.de\/wp-content\/uploads\/2017\/06\/Bild-Thorsten-2.jpg\"><img loading=\"lazy\" decoding=\"async\" class=\"aligncenter size-full wp-image-726\" src=\"http:\/\/uhlenflug-peine.de\/wp-content\/uploads\/2017\/06\/Bild-Thorsten-2.jpg\" alt=\"\" width=\"577\" height=\"361\" srcset=\"https:\/\/www.uhlenflug-peine.de\/wp-content\/uploads\/2017\/06\/Bild-Thorsten-2.jpg 577w, https:\/\/www.uhlenflug-peine.de\/wp-content\/uploads\/2017\/06\/Bild-Thorsten-2-300x188.jpg 300w\" sizes=\"auto, (max-width: 577px) 100vw, 577px\" \/><\/a><\/p>\n<p>Nach weiterem Anflug \u00fcber Sierra und Einflug in die Rechtsplatzrunde kam dann bald die Meldung \u201eD-UP runway 11 cleared to land\u201c.<\/p>\n<p><a href=\"http:\/\/uhlenflug-peine.de\/wp-content\/uploads\/2017\/06\/Bild-Thorsten-3.jpg\"><img loading=\"lazy\" decoding=\"async\" class=\"aligncenter size-full wp-image-727\" src=\"http:\/\/uhlenflug-peine.de\/wp-content\/uploads\/2017\/06\/Bild-Thorsten-3.jpg\" alt=\"\" width=\"606\" height=\"303\" srcset=\"https:\/\/www.uhlenflug-peine.de\/wp-content\/uploads\/2017\/06\/Bild-Thorsten-3.jpg 606w, https:\/\/www.uhlenflug-peine.de\/wp-content\/uploads\/2017\/06\/Bild-Thorsten-3-300x150.jpg 300w\" sizes=\"auto, (max-width: 606px) 100vw, 606px\" \/><\/a><\/p>\n<p>Auf dem Flughafen war alles unkompliziert. Leider gab es keine Erdanker. Wir nutzten daher schwere Blocks um die UP zu sichern.<\/p>\n<p>Der Flugplatz ist verkehrstechnisch perfekt angebunden. Man kommt mit der Bahn in weniger als 30 Minuten in die wundersch\u00f6ne hanseatische Innenstadt mit sehr vielen Restaurants und Sehensw\u00fcrdigkeiten.<\/p>\n<p>Sonntagmorgen ging es dann zur\u00fcck. F\u00fcr Landung und Parken wurde eine Geb\u00fchr von ca. 25 \u20ac berechnet. Nach FPL-Aufgabe flogen wir diesmal direkt\u00a0 entlang der polnischen Ostseek\u00fcste an den gro\u00dfen Wanderd\u00fcnen von Leba vorbei und \u00fcber das \u00a0Stettiner Haff wieder nach Pasewalk zum Tanken.<\/p>\n<p><a href=\"http:\/\/uhlenflug-peine.de\/wp-content\/uploads\/2017\/06\/Bild-Thorsten-4.jpg\"><img loading=\"lazy\" decoding=\"async\" class=\"aligncenter size-full wp-image-728\" src=\"http:\/\/uhlenflug-peine.de\/wp-content\/uploads\/2017\/06\/Bild-Thorsten-4.jpg\" alt=\"\" width=\"606\" height=\"303\" srcset=\"https:\/\/www.uhlenflug-peine.de\/wp-content\/uploads\/2017\/06\/Bild-Thorsten-4.jpg 606w, https:\/\/www.uhlenflug-peine.de\/wp-content\/uploads\/2017\/06\/Bild-Thorsten-4-300x150.jpg 300w\" sizes=\"auto, (max-width: 606px) 100vw, 606px\" \/><\/a><\/p>\n<p>Abends waren wir wieder in Peine. Voller neuer Eindr\u00fccke f\u00fcr Burkhard und neuen Erfahrungen f\u00fcr Torsten. Gerne wieder&#8230; vielleicht mal nach Krakau&#8230;.das n\u00e4chste Mal&#8230;.oder S\u00fcdengland&#8230;..oder&#8230;<\/p>\n","protected":false},"excerpt":{"rendered":"<p>Da hat doch das monatliche Grillen schon mal was Positives \ud83d\ude42 Abends auf der Bank kam der Gedanke auf, mal ins Ausland nach Polen zu fliegen. Torsten \u00fcberlegte schon lange mal, nach Gdansk zu fliegen. Burkhard hat schon Auslandserfahrung und so war das Team perfekt. Samstagmittag sollte es losgehen und Sonntagabend w\u00fcrden wir wieder in [&hellip;]<\/p>\n","protected":false},"author":1,"featured_media":0,"parent":0,"menu_order":0,"comment_status":"closed","ping_status":"closed","template":"","meta":{"_bbp_topic_count":0,"_bbp_reply_count":0,"_bbp_total_topic_count":0,"_bbp_total_reply_count":0,"_bbp_voice_count":0,"_bbp_anonymous_reply_count":0,"_bbp_topic_count_hidden":0,"_bbp_reply_count_hidden":0,"_bbp_forum_subforum_count":0,"footnotes":""},"class_list":["post-724","page","type-page","status-publish","hentry"],"_links":{"self":[{"href":"https:\/\/www.uhlenflug-peine.de\/index.php?rest_route=\/wp\/v2\/pages\/724","targetHints":{"allow":["GET"]}}],"collection":[{"href":"https:\/\/www.uhlenflug-peine.de\/index.php?rest_route=\/wp\/v2\/pages"}],"about":[{"href":"https:\/\/www.uhlenflug-peine.de\/index.php?rest_route=\/wp\/v2\/types\/page"}],"author":[{"embeddable":true,"href":"https:\/\/www.uhlenflug-peine.de\/index.php?rest_route=\/wp\/v2\/users\/1"}],"replies":[{"embeddable":true,"href":"https:\/\/www.uhlenflug-peine.de\/index.php?rest_route=%2Fwp%2Fv2%2Fcomments&post=724"}],"version-history":[{"count":1,"href":"https:\/\/www.uhlenflug-peine.de\/index.php?rest_route=\/wp\/v2\/pages\/724\/revisions"}],"predecessor-version":[{"id":729,"href":"https:\/\/www.uhlenflug-peine.de\/index.php?rest_route=\/wp\/v2\/pages\/724\/revisions\/729"}],"wp:attachment":[{"href":"https:\/\/www.uhlenflug-peine.de\/index.php?rest_route=%2Fwp%2Fv2%2Fmedia&parent=724"}],"curies":[{"name":"wp","href":"https:\/\/api.w.org\/{rel}","templated":true}]}}