{"id":52,"date":"2014-04-19T12:42:29","date_gmt":"2014-04-19T12:42:29","guid":{"rendered":"http:\/\/uhlenflug-peine.de\/?page_id=52"},"modified":"2024-11-04T08:24:49","modified_gmt":"2024-11-04T07:24:49","slug":"dg303-club-elan-acro","status":"publish","type":"page","link":"https:\/\/www.uhlenflug-peine.de\/?page_id=52","title":{"rendered":"DG303 Club ELAN Acro"},"content":{"rendered":"<p>Baujahr: 2005<img loading=\"lazy\" decoding=\"async\" class=\"alignright wp-image-58 size-full\" src=\"http:\/\/uhlenflug-peine.de\/wp-content\/uploads\/2014\/04\/DG303-hp.jpg\" alt=\"DG303-hp\" width=\"279\" height=\"210\" \/><br \/>\nHersteller:\u00a0 AMS Flight<br \/>\nHerstellungsort: Slowenien<br \/>\nBauweise: GFK<br \/>\nSitze: Einsitzer<br \/>\nL\u00e4nge: 7.0m<br \/>\nSpannweite: 15,00m<br \/>\nH\u00f6chstzul.Geschwindigkeit: 280<br \/>\nH\u00f6chstzul. Fluggewicht: 500 kg<br \/>\nGleitzahl: 41<\/p>\n<p>Die DG303 ist ein einsitziges Segelflugzeug des deutschen Herstellers DG Flugzeugbau, welches in der Club- und Standardklasse geflogen wird. Bei uns im Verein wird die DG303 haupts\u00e4chlich f\u00fcr Streckenfl\u00fcge genutzt ist aber auch f\u00fcr den Kunstflug zugelassen. Durch ihre Vielseitigkeit ist die DG303 ein sehr vielseitig einsetzbares und beliebtes Segelflugzeug.<\/p>\n<p><a href=\"http:\/\/uhlenflug-peine.de\/wp-content\/uploads\/2014\/04\/DG303-2hp.jpg\"><img loading=\"lazy\" decoding=\"async\" class=\"alignleft wp-image-57 size-full\" src=\"http:\/\/uhlenflug-peine.de\/wp-content\/uploads\/2014\/04\/DG303-2hp.jpg\" alt=\"DG303-2hp\" width=\"300\" height=\"225\" \/><\/a> <a href=\"http:\/\/uhlenflug-peine.de\/wp-content\/uploads\/2014\/04\/DG303-3hp.jpg\"><img loading=\"lazy\" decoding=\"async\" class=\"alignright wp-image-56 size-full\" src=\"http:\/\/uhlenflug-peine.de\/wp-content\/uploads\/2014\/04\/DG303-3hp.jpg\" alt=\"DG303-3hp\" width=\"288\" height=\"216\" \/><\/a><\/p>\n","protected":false},"excerpt":{"rendered":"<p>Baujahr: 2005 Hersteller:\u00a0 AMS Flight Herstellungsort: Slowenien Bauweise: GFK Sitze: Einsitzer L\u00e4nge: 7.0m Spannweite: 15,00m H\u00f6chstzul.Geschwindigkeit: 280 H\u00f6chstzul. Fluggewicht: 500 kg Gleitzahl: 41 Die DG303 ist ein einsitziges Segelflugzeug des deutschen Herstellers DG Flugzeugbau, welches in der Club- und Standardklasse geflogen wird. Bei uns im Verein wird die DG303 haupts\u00e4chlich f\u00fcr Streckenfl\u00fcge genutzt ist aber [&hellip;]<\/p>\n","protected":false},"author":1,"featured_media":0,"parent":0,"menu_order":0,"comment_status":"closed","ping_status":"closed","template":"","meta":{"_bbp_topic_count":0,"_bbp_reply_count":0,"_bbp_total_topic_count":0,"_bbp_total_reply_count":0,"_bbp_voice_count":0,"_bbp_anonymous_reply_count":0,"_bbp_topic_count_hidden":0,"_bbp_reply_count_hidden":0,"_bbp_forum_subforum_count":0,"footnotes":""},"class_list":["post-52","page","type-page","status-publish","hentry"],"_links":{"self":[{"href":"https:\/\/www.uhlenflug-peine.de\/index.php?rest_route=\/wp\/v2\/pages\/52","targetHints":{"allow":["GET"]}}],"collection":[{"href":"https:\/\/www.uhlenflug-peine.de\/index.php?rest_route=\/wp\/v2\/pages"}],"about":[{"href":"https:\/\/www.uhlenflug-peine.de\/index.php?rest_route=\/wp\/v2\/types\/page"}],"author":[{"embeddable":true,"href":"https:\/\/www.uhlenflug-peine.de\/index.php?rest_route=\/wp\/v2\/users\/1"}],"replies":[{"embeddable":true,"href":"https:\/\/www.uhlenflug-peine.de\/index.php?rest_route=%2Fwp%2Fv2%2Fcomments&post=52"}],"version-history":[{"count":2,"href":"https:\/\/www.uhlenflug-peine.de\/index.php?rest_route=\/wp\/v2\/pages\/52\/revisions"}],"predecessor-version":[{"id":1211,"href":"https:\/\/www.uhlenflug-peine.de\/index.php?rest_route=\/wp\/v2\/pages\/52\/revisions\/1211"}],"wp:attachment":[{"href":"https:\/\/www.uhlenflug-peine.de\/index.php?rest_route=%2Fwp%2Fv2%2Fmedia&parent=52"}],"curies":[{"name":"wp","href":"https:\/\/api.w.org\/{rel}","templated":true}]}}