{"id":48,"date":"2014-04-19T12:38:19","date_gmt":"2014-04-19T12:38:19","guid":{"rendered":"http:\/\/uhlenflug-peine.de\/?page_id=48"},"modified":"2023-08-06T17:16:06","modified_gmt":"2023-08-06T16:16:06","slug":"ka6-br-rhoensegler","status":"publish","type":"page","link":"https:\/\/www.uhlenflug-peine.de\/?page_id=48","title":{"rendered":"Ka6 BR Rh\u00f6nsegler"},"content":{"rendered":"<p>Baujahr: 1955<br \/>\nHersteller: Alexander Schleicher Segelflugzeugbau <img loading=\"lazy\" decoding=\"async\" class=\"alignright wp-image-50 size-full\" src=\"http:\/\/uhlenflug-peine.de\/wp-content\/uploads\/2014\/04\/Ka6-hp.jpg\" alt=\"Ka6-hp\" width=\"262\" height=\"196\" \/><br \/>\nHerstellungsort: Poppenhausen an der Wasserkuppe<br \/>\nBauweise: Holz<br \/>\nSitze: Einsitzer<br \/>\nL\u00e4nge: 6,86m<br \/>\nSpannweite: 15,00m<br \/>\nH\u00f6chstzul. Geschwindigkeit: 200 km\/h<br \/>\nH\u00f6chstzul. Fluggewicht: 300 kg<br \/>\nGleitzahl: 1:29<\/p>\n<p>Der Schleicher KA-6 BR ist ein Segelflugzeug aus der Produktion des deutschen Herstellers Alexander Schleicher GmbH &amp; Co. Dieser einsitzige Hochleistungssegler wurde in den 1950er Jahren entwickelt und ist aufgrund seiner hervorragenden Flugeigenschaften und Robustheit bis heute sehr beliebt.<\/p>\n<p>Die KA-6 Serie, in der der KA-6 BR das letzte Modell ist, ist aus der KA-2 und KA-4 Modelle entwickelt worden und stellt eine entscheidende Verbesserung dar. Die Serie wurde erstmals in den fr\u00fchen 1960er Jahren eingef\u00fchrt. Der &#8222;BR&#8220; im Namen steht f\u00fcr die Designer Rudolf Kaiser und Fritz Schweizer, die wesentliche Verbesserungen an den urspr\u00fcnglichen KA-6 Modellen vorgenommen haben.<\/p>\n<p>Die Konstruktion des KA-6 BR ist gr\u00f6\u00dftenteils aus Holz und Glasfaserverbundstoffen. Es hat eine Spannweite von etwa 15 Metern und eine Rumpfl\u00e4nge von etwa 6,7 Metern. Sein Leergewicht betr\u00e4gt etwa 230 Kilogramm und es kann ein maximales Startgewicht von etwa 400 Kilogramm erreichen.<\/p>\n<p>Die KA-6 BR hat eine sehr gute Gleitzahl f\u00fcr ihre Zeit, was bedeutet, dass sie effizient durch die Luft gleiten kann. Sie hat auch eine beachtliche Steigleistung, die es dem Piloten erm\u00f6glicht, Thermik und andere Aufwinde effektiv zu nutzen.<\/p>\n<p>Bis heute ist der Schleicher KA-6 BR aufgrund seiner robusten Bauweise und exzellenten Flugleistung bei Segelfliegern weltweit gesch\u00e4tzt. Es bleibt ein beliebtes Flugzeug f\u00fcr sowohl erfahrene Piloten als auch f\u00fcr diejenigen, die gerade erst mit dem Segelfliegen beginnen.<\/p>\n<p>Die Ka6 unseres Vereins wurde 1955 vom Konstrukteur Rudolf Kaiser mit dem Kennzeichen D-4351 gebaut. Er selbst flog mit diesem Segler \u00fcber 250 Stunden.<br \/>\n1966 wurde das Flugzeug zwecks Leistungssteigerung um 1m auf 15m Spannweite verl\u00e4ngert. Auch wurde die Landekufe durch ein Landerad ersetzt. Aus der urspr\u00fcnglichen Ka6a wurde eine Ka6 BR. 1986 wurde die Segelflugzeugrarit\u00e4t vom Uhlenflug e.V. erworben und dient seitdem zur Weiterschulung der Flugsch\u00fcler, die ihren Alleinflug auf einem Doppelsitzer abgeschlossen haben. Das hei\u00dft dann zum Beispiel l\u00e4ngere Thermikfl\u00fcge oder auch \u00dcberlandfl\u00fcge. Trotz ihres Alters ist die Ka6 ein beliebtes Flugzeug das bei Sch\u00fclern und bei alten Hasen sehr gesch\u00e4tzt wird.<\/p>\n<p><a href=\"http:\/\/uhlenflug-peine.de\/wp-content\/uploads\/2014\/04\/Ka6-2hp.jpg\"><img loading=\"lazy\" decoding=\"async\" class=\"aligncenter size-full wp-image-49\" src=\"http:\/\/uhlenflug-peine.de\/wp-content\/uploads\/2014\/04\/Ka6-2hp.jpg\" alt=\"Ka6-2hp\" width=\"261\" height=\"195\" \/><\/a><\/p>\n","protected":false},"excerpt":{"rendered":"<p>Baujahr: 1955 Hersteller: Alexander Schleicher Segelflugzeugbau Herstellungsort: Poppenhausen an der Wasserkuppe Bauweise: Holz Sitze: Einsitzer L\u00e4nge: 6,86m Spannweite: 15,00m H\u00f6chstzul. Geschwindigkeit: 200 km\/h H\u00f6chstzul. Fluggewicht: 300 kg Gleitzahl: 1:29 Der Schleicher KA-6 BR ist ein Segelflugzeug aus der Produktion des deutschen Herstellers Alexander Schleicher GmbH &amp; Co. Dieser einsitzige Hochleistungssegler wurde in den 1950er Jahren [&hellip;]<\/p>\n","protected":false},"author":1,"featured_media":0,"parent":0,"menu_order":0,"comment_status":"closed","ping_status":"closed","template":"","meta":{"_bbp_topic_count":0,"_bbp_reply_count":0,"_bbp_total_topic_count":0,"_bbp_total_reply_count":0,"_bbp_voice_count":0,"_bbp_anonymous_reply_count":0,"_bbp_topic_count_hidden":0,"_bbp_reply_count_hidden":0,"_bbp_forum_subforum_count":0,"footnotes":""},"class_list":["post-48","page","type-page","status-publish","hentry"],"_links":{"self":[{"href":"https:\/\/www.uhlenflug-peine.de\/index.php?rest_route=\/wp\/v2\/pages\/48","targetHints":{"allow":["GET"]}}],"collection":[{"href":"https:\/\/www.uhlenflug-peine.de\/index.php?rest_route=\/wp\/v2\/pages"}],"about":[{"href":"https:\/\/www.uhlenflug-peine.de\/index.php?rest_route=\/wp\/v2\/types\/page"}],"author":[{"embeddable":true,"href":"https:\/\/www.uhlenflug-peine.de\/index.php?rest_route=\/wp\/v2\/users\/1"}],"replies":[{"embeddable":true,"href":"https:\/\/www.uhlenflug-peine.de\/index.php?rest_route=%2Fwp%2Fv2%2Fcomments&post=48"}],"version-history":[{"count":3,"href":"https:\/\/www.uhlenflug-peine.de\/index.php?rest_route=\/wp\/v2\/pages\/48\/revisions"}],"predecessor-version":[{"id":1162,"href":"https:\/\/www.uhlenflug-peine.de\/index.php?rest_route=\/wp\/v2\/pages\/48\/revisions\/1162"}],"wp:attachment":[{"href":"https:\/\/www.uhlenflug-peine.de\/index.php?rest_route=%2Fwp%2Fv2%2Fmedia&parent=48"}],"curies":[{"name":"wp","href":"https:\/\/api.w.org\/{rel}","templated":true}]}}