{"id":416,"date":"2015-06-07T21:49:27","date_gmt":"2015-06-07T19:49:27","guid":{"rendered":"http:\/\/uhlenflug-peine.de\/?page_id=416"},"modified":"2024-11-04T08:22:35","modified_gmt":"2024-11-04T07:22:35","slug":"duodiscus","status":"publish","type":"page","link":"https:\/\/www.uhlenflug-peine.de\/?page_id=416","title":{"rendered":"DuoDiscus XL"},"content":{"rendered":"<p>Baujahr: 2015<br \/>\nHersteller: Schempp-Hirth Flugzeugbau GmbH<br \/>\nBauweise: GFK\/CFK-Sandwich-Bauweise<br \/>\nSitze: Doppelsitzer<br \/>\nL\u00e4nge: 8,62m<br \/>\nSpannweite: 20,00m<br \/>\nH\u00f6chstzul.Geschwindigkeit: 263 km\/h<br \/>\nH\u00f6chstzul.Fluggewicht: 750 kg<br \/>\nGleitzahl: 46<\/p>\n<p>Der DuoDiscus xL &#8222;Hermann&#8220; ist ein Doppelsitziges Hochleistung Segelflugzeug des deutschen Hersteller Schempp-Hirth, welches bei uns vor allem f\u00fcr Streckenfl\u00fcge genutzt wird. Durch einige Verbesserungen am Rumpf und Cockpit bietet der Duo Discus XL, im Gegensatz zu seinem Vorg\u00e4nger, einige Vorteile vor allem f\u00fcr die gr\u00f6\u00dferen Piloten. Auch die verbesserte Aerodynamik und die effizienten Tragfl\u00e4chen machen das Strecke fliegen mit dem Duo in unterschiedlichsten Wetterlagen m\u00f6glich und zu einem tollen Erlebnis.<\/p>\n","protected":false},"excerpt":{"rendered":"<p>Baujahr: 2015 Hersteller: Schempp-Hirth Flugzeugbau GmbH Bauweise: GFK\/CFK-Sandwich-Bauweise Sitze: Doppelsitzer L\u00e4nge: 8,62m Spannweite: 20,00m H\u00f6chstzul.Geschwindigkeit: 263 km\/h H\u00f6chstzul.Fluggewicht: 750 kg Gleitzahl: 46 Der DuoDiscus xL &#8222;Hermann&#8220; ist ein Doppelsitziges Hochleistung Segelflugzeug des deutschen Hersteller Schempp-Hirth, welches bei uns vor allem f\u00fcr Streckenfl\u00fcge genutzt wird. Durch einige Verbesserungen am Rumpf und Cockpit bietet der Duo Discus [&hellip;]<\/p>\n","protected":false},"author":1,"featured_media":0,"parent":0,"menu_order":0,"comment_status":"closed","ping_status":"closed","template":"","meta":{"_bbp_topic_count":0,"_bbp_reply_count":0,"_bbp_total_topic_count":0,"_bbp_total_reply_count":0,"_bbp_voice_count":0,"_bbp_anonymous_reply_count":0,"_bbp_topic_count_hidden":0,"_bbp_reply_count_hidden":0,"_bbp_forum_subforum_count":0,"footnotes":""},"class_list":["post-416","page","type-page","status-publish","hentry"],"_links":{"self":[{"href":"https:\/\/www.uhlenflug-peine.de\/index.php?rest_route=\/wp\/v2\/pages\/416","targetHints":{"allow":["GET"]}}],"collection":[{"href":"https:\/\/www.uhlenflug-peine.de\/index.php?rest_route=\/wp\/v2\/pages"}],"about":[{"href":"https:\/\/www.uhlenflug-peine.de\/index.php?rest_route=\/wp\/v2\/types\/page"}],"author":[{"embeddable":true,"href":"https:\/\/www.uhlenflug-peine.de\/index.php?rest_route=\/wp\/v2\/users\/1"}],"replies":[{"embeddable":true,"href":"https:\/\/www.uhlenflug-peine.de\/index.php?rest_route=%2Fwp%2Fv2%2Fcomments&post=416"}],"version-history":[{"count":3,"href":"https:\/\/www.uhlenflug-peine.de\/index.php?rest_route=\/wp\/v2\/pages\/416\/revisions"}],"predecessor-version":[{"id":1209,"href":"https:\/\/www.uhlenflug-peine.de\/index.php?rest_route=\/wp\/v2\/pages\/416\/revisions\/1209"}],"wp:attachment":[{"href":"https:\/\/www.uhlenflug-peine.de\/index.php?rest_route=%2Fwp%2Fv2%2Fmedia&parent=416"}],"curies":[{"name":"wp","href":"https:\/\/api.w.org\/{rel}","templated":true}]}}