{"id":30,"date":"2014-04-19T12:21:22","date_gmt":"2014-04-19T12:21:22","guid":{"rendered":"http:\/\/uhlenflug-peine.de\/?page_id=30"},"modified":"2024-11-04T08:21:26","modified_gmt":"2024-11-04T07:21:26","slug":"unser-flugzeugpark","status":"publish","type":"page","link":"https:\/\/www.uhlenflug-peine.de\/?page_id=30","title":{"rendered":"Unser Flugzeugpark"},"content":{"rendered":"<p><strong>Der Uhlenflug Peine hat zur Zeit<a href=\"http:\/\/fedope.selfhost.eu\/wordpress\/wp-content\/uploads\/2014\/03\/DSC_5160.jpg\"><img loading=\"lazy\" decoding=\"async\" class=\"alignright wp-image-53 \" src=\"http:\/\/uhlenflug-peine.de\/wp-content\/uploads\/2014\/04\/LS4-3hp-150x150.jpg\" alt=\"DSC_5160\" width=\"198\" height=\"192\" \/><\/a><\/strong><\/p>\n<div>\n<ul>\n<li>5 Segelflugzeuge<br \/>\n<a title=\"ASK 21\" href=\"http:\/\/uhlenflug-peine.de\/?page_id=37\">ASK 21<\/a><br \/>\n<a href=\"http:\/\/uhlenflug-peine.de\/?page_id=416\">DuoDiscus XL<\/a><br \/>\n<a title=\"LS4b\" href=\"http:\/\/uhlenflug-peine.de\/?page_id=60\">LS4b<\/a><br \/>\n<a title=\"DG303 Club ELAN Acro\" href=\"http:\/\/uhlenflug-peine.de\/?page_id=52\">DG303<\/a><br \/>\n<a title=\"Ka6 BR Rh\u00f6nsegler\" href=\"http:\/\/uhlenflug-peine.de\/?page_id=48\">Ka6 BR Rh\u00f6nsegler<\/a><\/li>\n<li>2 Motorsegler<br \/>\n<a title=\"SF25C Falke\" href=\"http:\/\/uhlenflug-peine.de\/?page_id=73\">SF25C<\/a><br \/>\n<a title=\"Super Dimona HK36 TC100\" href=\"http:\/\/uhlenflug-peine.de\/?page_id=69\">Super-Dimona HK36 TC<\/a><\/li>\n<li>1 UL<br \/>\nBreezer B400<\/li>\n<\/ul>\n<p>und eine <a title=\"Startwinde SW-6971 Heinrich der 1.\" href=\"http:\/\/uhlenflug-peine.de\/?page_id=81\">Seilwinde<\/a>. Bis Fr\u00fchjahr 2015 geh\u00f6rte noch eine <a href=\"http:\/\/uhlenflug-peine.de\/?page_id=44\">Ka7<\/a> mit zum Flugzeugpark. Von ihr gibt es ein sch\u00f6nes <a href=\"https:\/\/vimeo.com\/126433445\" target=\"_blank\" rel=\"noopener\">Abschiedsvideo<\/a>.<\/p>\n<\/div>\n<p>Au\u00dfer den Vereinsflugzeugen sind 7 Privatflugzeuge auf dem Platz beheimatet.<\/p>\n","protected":false},"excerpt":{"rendered":"<p>Der Uhlenflug Peine hat zur Zeit 5 Segelflugzeuge ASK 21 DuoDiscus XL LS4b DG303 Ka6 BR Rh\u00f6nsegler 2 Motorsegler SF25C Super-Dimona HK36 TC 1 UL Breezer B400 und eine Seilwinde. Bis Fr\u00fchjahr 2015 geh\u00f6rte noch eine Ka7 mit zum Flugzeugpark. Von ihr gibt es ein sch\u00f6nes Abschiedsvideo. Au\u00dfer den Vereinsflugzeugen sind 7 Privatflugzeuge auf dem [&hellip;]<\/p>\n","protected":false},"author":1,"featured_media":0,"parent":0,"menu_order":0,"comment_status":"closed","ping_status":"closed","template":"","meta":{"_bbp_topic_count":0,"_bbp_reply_count":0,"_bbp_total_topic_count":0,"_bbp_total_reply_count":0,"_bbp_voice_count":0,"_bbp_anonymous_reply_count":0,"_bbp_topic_count_hidden":0,"_bbp_reply_count_hidden":0,"_bbp_forum_subforum_count":0,"footnotes":""},"class_list":["post-30","page","type-page","status-publish","hentry"],"_links":{"self":[{"href":"https:\/\/www.uhlenflug-peine.de\/index.php?rest_route=\/wp\/v2\/pages\/30","targetHints":{"allow":["GET"]}}],"collection":[{"href":"https:\/\/www.uhlenflug-peine.de\/index.php?rest_route=\/wp\/v2\/pages"}],"about":[{"href":"https:\/\/www.uhlenflug-peine.de\/index.php?rest_route=\/wp\/v2\/types\/page"}],"author":[{"embeddable":true,"href":"https:\/\/www.uhlenflug-peine.de\/index.php?rest_route=\/wp\/v2\/users\/1"}],"replies":[{"embeddable":true,"href":"https:\/\/www.uhlenflug-peine.de\/index.php?rest_route=%2Fwp%2Fv2%2Fcomments&post=30"}],"version-history":[{"count":11,"href":"https:\/\/www.uhlenflug-peine.de\/index.php?rest_route=\/wp\/v2\/pages\/30\/revisions"}],"predecessor-version":[{"id":1208,"href":"https:\/\/www.uhlenflug-peine.de\/index.php?rest_route=\/wp\/v2\/pages\/30\/revisions\/1208"}],"wp:attachment":[{"href":"https:\/\/www.uhlenflug-peine.de\/index.php?rest_route=%2Fwp%2Fv2%2Fmedia&parent=30"}],"curies":[{"name":"wp","href":"https:\/\/api.w.org\/{rel}","templated":true}]}}