{"id":144,"date":"2014-04-27T12:50:29","date_gmt":"2014-04-27T12:50:29","guid":{"rendered":"http:\/\/uhlenflug-peine.de\/?page_id=144"},"modified":"2014-04-27T12:55:36","modified_gmt":"2014-04-27T12:55:36","slug":"ausbildung","status":"publish","type":"page","link":"https:\/\/www.uhlenflug-peine.de\/?page_id=144","title":{"rendered":"Ausbildung"},"content":{"rendered":"<p style=\"text-align: justify;\"><strong>Das Ausbildungsteam<\/strong><\/p>\n<p style=\"text-align: justify;\">Die Ausbildung wird ehrenamtlich von acht erfahrenen Fluglehrern durchgef\u00fchrt. Normalerweise sind an Wochenenden 1 bis 3 Fluglehrer am Platz, Schulungsfl\u00fcge werden dann nach Bedarf abgestimmt.<\/p>\n<p style=\"text-align: justify;\">Die Voraussetzungen f\u00fcr eine Segelflugausbildung im Uhlenflug Peine e.V. werden <a title=\"Ausbildung \u2013 Voraussetzungen\" href=\"http:\/\/uhlenflug-peine.de\/?page_id=146\">hier<\/a> zusammengefasst.<br \/>\n<strong><br \/>\nSpezielles zur Segelflugausbildung<\/strong><\/p>\n<p style=\"text-align: justify;\"><span style=\"text-decoration: underline;\">Der erste Ausbildungsabschnitt, Schulfl\u00fcge mit Fluglehrer <\/span><\/p>\n<p style=\"text-align: justify;\">Die Anf\u00e4ngerschulung im Segelflug wird mit der ASK21durchgef\u00fchrt. Dabei sitzt der Fluglehrer auf dem\u00a0 hinteren und der Flugsch\u00fcler auf dem vorderem Sitz. Das Flugzeug kann von beiden Sitzen aus gesteuert werden. Motorseglersch\u00fcler werden in der SF25, UL-Sch\u00fcler in der P96 ausgebildet. In diesen beiden Flugzeugen sitzen Sch\u00fcler und Lehrer nebeneinander.<\/p>\n<p style=\"text-align: justify;\">Bei den ersten Fl\u00fcgen steuert der Lehrer, der Sch\u00fcler f\u00fchlt die Bewegungen der Steuerung und die Reaktionen des Flugzeugs. Dann werden einfache Aufgaben wie der Geradeausflug und das Einhalten der richtigen Geschwindigkeit ge\u00fcbt.<br \/>\nSchwieriger wird schon das Fliegen einer sauberen Kurve. Die meiste Zeit beansprucht schlie\u00dflich das Ein\u00fcben eines sicheren Starts und einer weichen Landung. Zudem werden besondere oder potentiell gef\u00e4hrliche Situationen durchgespielt (Langsamflug, Schnellflug, Rei\u00dfen des Schleppseils beim Start, \u00dcbergang vom extremen Langsamflug in das Trudeln und Beenden dieses Flugzustands usw.).<br \/>\nWenn der Fluglehrer davon \u00fcberzeugt ist, dass der Sch\u00fcler alles Notwendige beherrscht, erfolgt der erste Alleinflug. Gew\u00f6hnlicherweise hat er bis dahin schon mehr als 8 Stunden Flugzeit\u00a0 und viele Fl\u00fcge hinter sich. Der Fluglehrer wird, falls notwendig, Korrekturen \u00fcber Funk \u00fcbermitteln. Nach den ersten 3 Alleinfl\u00fcgen gilt die A-Pr\u00fcfung als bestanden.<\/p>\n<p><span style=\"text-decoration: underline;\">Schulfl\u00fcge ohne Fluglehrer <\/span><\/p>\n<p>Von nun an fliegt der Sch\u00fcler zumeist ohne Fluglehrer, aber er ist immer noch unter seiner Aufsicht. Er sagt dir vor einem Flug, was ge\u00fcbt werden soll, oder ob z.B. bestimmte Wetterbedingungen zu beachten sind und \u00e4hnliches.<br \/>\nF\u00fcr Segelflugsch\u00fcler stehen in dieser Zeit auch der Umstieg auf andere Muster (DG303, Ka 6) an. In den folgenden Ausbildungsabschnitten werden Thermikfliegen, besondere Flugman\u00f6ver wie den \u00dcbergang vom Schnellflug in den Thermikkreis, den Seitengleitflug (Slip) f\u00fcr einen steilen Landeanflug, das Landen in einem vorher bestimmten Feld der Landebahn und anderes ge\u00fcbt. Diese Man\u00f6ver werden in weiteren Pr\u00fcfungen, der B- und der C-Pr\u00fcfung abgenommen. Abgeschlossen wird dieser Teil der Ausbildung mit dem ersten gr\u00f6\u00dferen Streckenflug, wobei der Sch\u00fcler die Wahl hat, ob er 50 km alleine fliegt oder 100 km zusammen mit einem Fluglehrer. Voraussetzung f\u00fcr diesen Streckenflug ist die zuvor bestandende Theoriepr\u00fcfung.<\/p>\n<p><span style=\"text-decoration: underline;\">Theorie <\/span><\/p>\n<p>Parallel zu der praktischen Ausbildung wirst du von den Fluglehrern des Vereins in der Theorie des Segelfluges unterrichtet. Diese besteht aus sechs F\u00e4chern:<\/p>\n<ul>\n<li>Luftrecht (behandelt z.B. Fragen zu gesetzlichen Grundlagen, Luftraumbeschr\u00e4nkungen, Ausweichregeln&#8230;)<\/li>\n<li>Technik (Aufbau und Funktion des Flugzeugs und der Instrumentierung ebenso wie Technik des Fliegens, d.h. Wirkung und Einsatz der Steuerung in den unterschiedlichen Phasen eines Fluges)<\/li>\n<li>Meteorologie (z.B. Aufwindarten und ihr Entstehen)<\/li>\n<li>Aerodynamik (Grundlagen des Fliegens )<\/li>\n<li>Menschliches Leistungsverm\u00f6gen (Belastbarkeit des Piloten)<\/li>\n<li>Navigation (Handhabung von Luftfahrtkarten, Grundlagen des Steckensegelfluges usw.)<\/li>\n<li>Verhalten in besonderen F\u00e4llen (St\u00f6rungen beim Start, Trudeln, besondere Wettersituationen, Au\u00dfenlandungen, &#8230;)<\/li>\n<li>Flugfunk (beinhaltet die Erlaubnis zum Benutzen des Funkger\u00e4tes)<\/li>\n<\/ul>\n<p><strong>Auch der theoretische Teil wird durch eine Pr\u00fcfung bei der Bezirksregierung abgeschlossen.<\/strong><\/p>\n<p><span style=\"text-decoration: underline;\">Pr\u00fcfung<\/span><\/p>\n<p style=\"text-align: justify;\">Abgeschlossen wird der praktische Teil der Ausbildung durch eine Pr\u00fcfung durch die Bezirksregierung Braunschweig. Ab jetzt fliegt der frischgebackene Pilot ohne Beaufsichtigung durch Fluglehrer.<\/p>\n","protected":false},"excerpt":{"rendered":"<p>Das Ausbildungsteam Die Ausbildung wird ehrenamtlich von acht erfahrenen Fluglehrern durchgef\u00fchrt. Normalerweise sind an Wochenenden 1 bis 3 Fluglehrer am Platz, Schulungsfl\u00fcge werden dann nach Bedarf abgestimmt. Die Voraussetzungen f\u00fcr eine Segelflugausbildung im Uhlenflug Peine e.V. werden hier zusammengefasst. Spezielles zur Segelflugausbildung Der erste Ausbildungsabschnitt, Schulfl\u00fcge mit Fluglehrer Die Anf\u00e4ngerschulung im Segelflug wird mit der [&hellip;]<\/p>\n","protected":false},"author":1,"featured_media":0,"parent":0,"menu_order":0,"comment_status":"closed","ping_status":"closed","template":"","meta":{"_bbp_topic_count":0,"_bbp_reply_count":0,"_bbp_total_topic_count":0,"_bbp_total_reply_count":0,"_bbp_voice_count":0,"_bbp_anonymous_reply_count":0,"_bbp_topic_count_hidden":0,"_bbp_reply_count_hidden":0,"_bbp_forum_subforum_count":0,"footnotes":""},"class_list":["post-144","page","type-page","status-publish","hentry"],"_links":{"self":[{"href":"https:\/\/www.uhlenflug-peine.de\/index.php?rest_route=\/wp\/v2\/pages\/144","targetHints":{"allow":["GET"]}}],"collection":[{"href":"https:\/\/www.uhlenflug-peine.de\/index.php?rest_route=\/wp\/v2\/pages"}],"about":[{"href":"https:\/\/www.uhlenflug-peine.de\/index.php?rest_route=\/wp\/v2\/types\/page"}],"author":[{"embeddable":true,"href":"https:\/\/www.uhlenflug-peine.de\/index.php?rest_route=\/wp\/v2\/users\/1"}],"replies":[{"embeddable":true,"href":"https:\/\/www.uhlenflug-peine.de\/index.php?rest_route=%2Fwp%2Fv2%2Fcomments&post=144"}],"version-history":[{"count":3,"href":"https:\/\/www.uhlenflug-peine.de\/index.php?rest_route=\/wp\/v2\/pages\/144\/revisions"}],"predecessor-version":[{"id":151,"href":"https:\/\/www.uhlenflug-peine.de\/index.php?rest_route=\/wp\/v2\/pages\/144\/revisions\/151"}],"wp:attachment":[{"href":"https:\/\/www.uhlenflug-peine.de\/index.php?rest_route=%2Fwp%2Fv2%2Fmedia&parent=144"}],"curies":[{"name":"wp","href":"https:\/\/api.w.org\/{rel}","templated":true}]}}