{"id":10,"date":"2014-04-19T09:14:54","date_gmt":"2014-04-19T09:14:54","guid":{"rendered":"http:\/\/uhlenflug-peine.de\/?page_id=10"},"modified":"2026-03-29T13:08:28","modified_gmt":"2026-03-29T12:08:28","slug":"uhlenflug-peine-e-v","status":"publish","type":"page","link":"https:\/\/www.uhlenflug-peine.de\/","title":{"rendered":"Uhlenflug Peine"},"content":{"rendered":"<p>Willkommen auf der Internetseite des Uhlenflug Peine e.V.!<\/p>\n<p><strong><a href=\"https:\/\/www.uhlenflug-peine.de\/?page_id=32\">Anflug- und Anfahrtinformationen (Arrival Info) hier.<\/a><\/strong><\/p>\n<p>Erfolgreiche Teilnahme am Landesjugendvergleichsfliegen &#8211; Hanna Steeger vom Uhlenflug belegt einen hervorragenden 3. Platz! Den Bericht dazu gibt es <a href=\"https:\/\/www.uhlenflug-peine.de\/?p=1200\">hier<\/a>.<\/p>\n<p>Der Flugtag 2024 ist Geschichte &#8211; trotz sehr durchwachsenem Wetter konnten wir wieder viele interessierte G\u00e4ste bei uns auf dem Flugplatz begr\u00fc\u00dfen! Daf\u00fcr m\u00f6chten wir uns herzlich bedanken! Impressionen zum Flugtag gibt es <a href=\"https:\/\/www.uhlenflug-peine.de\/?p=1163\">hier<\/a>.<strong><br \/>\n<\/strong><\/p>\n<p>Unser Verein besteht mittlerweile seit \u00fcber 60 Jahren. Bei \u00fcber 100 Mitgliedern sind alle Altersklassen von 14 Jahren bis weit ins hohe Alter vertreten. Gerade diese Mischung macht das Vereinsleben interessant und es gibt immer etwas zu erz\u00e4hlen oder zu berichten.<\/p>\n<p>Schau&#8216; Dir unser akuellstes Video an: <a href=\"https:\/\/youtu.be\/ogkuB8Iv6kQ\" target=\"_blank\" rel=\"noopener\">https:\/\/youtu.be\/ogkuB8Iv6kQ<\/a><\/p>\n<p>W\u00e4hrend der Flugsaison, von M\u00e4rz bis Oktober, findet jedes Wochenende Flugbetrieb statt. Au\u00dferdem werden im Fr\u00fchjahr, Sommer und Herbst Fluglager organisiert, in denen auch unter der Woche geflogen wird. Motorsegler und Ultraleicht k\u00f6nnen das ganze Jahr und auch unter der Woche geflogen werden. Interessierte und Flugbegeisterte sind herzlich eingeladen, mal reinzuschnuppern!<\/p>\n<p>Der Uhlenflug Peine bietet:<\/p>\n<ul>\n<li>Vereinsleben<\/li>\n<li>Flugausbildung Segelflug, Motorsegler, Ultraleicht<\/li>\n<li>Den Mitgliedern g\u00fcnstiges \u00dcberlandfliegen mit Segelflugzeugen, UL und Motorseglern<\/li>\n<li>Segelkunstfl\u00fcge<\/li>\n<li>Gastfl\u00fcge f\u00fcr alle Interessierte<\/li>\n<li>Geselliges Vereinsleben<\/li>\n<li>Flugzeugpark mit 8 Maschinen<\/li>\n<\/ul>\n","protected":false},"excerpt":{"rendered":"<p>Willkommen auf der Internetseite des Uhlenflug Peine e.V.! Anflug- und Anfahrtinformationen (Arrival Info) hier. Erfolgreiche Teilnahme am Landesjugendvergleichsfliegen &#8211; Hanna Steeger vom Uhlenflug belegt einen hervorragenden 3. Platz! Den Bericht dazu gibt es hier. Der Flugtag 2024 ist Geschichte &#8211; trotz sehr durchwachsenem Wetter konnten wir wieder viele interessierte G\u00e4ste bei uns auf dem Flugplatz [&hellip;]<\/p>\n","protected":false},"author":1,"featured_media":0,"parent":0,"menu_order":0,"comment_status":"closed","ping_status":"open","template":"","meta":{"_bbp_topic_count":0,"_bbp_reply_count":0,"_bbp_total_topic_count":0,"_bbp_total_reply_count":0,"_bbp_voice_count":0,"_bbp_anonymous_reply_count":0,"_bbp_topic_count_hidden":0,"_bbp_reply_count_hidden":0,"_bbp_forum_subforum_count":0,"footnotes":""},"class_list":["post-10","page","type-page","status-publish","hentry"],"_links":{"self":[{"href":"https:\/\/www.uhlenflug-peine.de\/index.php?rest_route=\/wp\/v2\/pages\/10","targetHints":{"allow":["GET"]}}],"collection":[{"href":"https:\/\/www.uhlenflug-peine.de\/index.php?rest_route=\/wp\/v2\/pages"}],"about":[{"href":"https:\/\/www.uhlenflug-peine.de\/index.php?rest_route=\/wp\/v2\/types\/page"}],"author":[{"embeddable":true,"href":"https:\/\/www.uhlenflug-peine.de\/index.php?rest_route=\/wp\/v2\/users\/1"}],"replies":[{"embeddable":true,"href":"https:\/\/www.uhlenflug-peine.de\/index.php?rest_route=%2Fwp%2Fv2%2Fcomments&post=10"}],"version-history":[{"count":13,"href":"https:\/\/www.uhlenflug-peine.de\/index.php?rest_route=\/wp\/v2\/pages\/10\/revisions"}],"predecessor-version":[{"id":1256,"href":"https:\/\/www.uhlenflug-peine.de\/index.php?rest_route=\/wp\/v2\/pages\/10\/revisions\/1256"}],"wp:attachment":[{"href":"https:\/\/www.uhlenflug-peine.de\/index.php?rest_route=%2Fwp%2Fv2%2Fmedia&parent=10"}],"curies":[{"name":"wp","href":"https:\/\/api.w.org\/{rel}","templated":true}]}}